{"id":291,"date":"2019-05-09T15:53:10","date_gmt":"2019-05-09T13:53:10","guid":{"rendered":"http:\/\/gks.dev8.pro\/szkolka\/?page_id=160"},"modified":"2020-01-13T08:26:39","modified_gmt":"2020-01-13T07:26:39","slug":"treningi","status":"publish","type":"page","link":"https:\/\/gksgornik.leczna.pl\/gks\/szkolka\/treningi\/","title":{"rendered":"Treningi"},"content":{"rendered":"","protected":false},"excerpt":{"rendered":"","protected":false},"author":1,"featured_media":0,"parent":0,"menu_order":0,"comment_status":"closed","ping_status":"closed","template":"templates\/trainings-1.php","meta":{"_acf_changed":false},"class_list":["post-291","page","type-page","status-publish","hentry"],"acf":[],"yoast_head":"<!-- This site is optimized with the Yoast SEO plugin v24.6 - https:\/\/yoast.com\/wordpress\/plugins\/seo\/ -->\n<title>Treningi - Szk\u00f3\u0142ka<\/title>\n<meta name=\"robots\" content=\"index, follow, max-snippet:-1, max-image-preview:large, max-video-preview:-1\" \/>\n<link rel=\"canonical\" href=\"https:\/\/gksgornik.leczna.pl\/gks\/szkolka\/treningi\/\" \/>\n<meta property=\"og:locale\" content=\"pl_PL\" \/>\n<meta property=\"og:type\" content=\"article\" \/>\n<meta property=\"og:title\" content=\"Treningi - Szk\u00f3\u0142ka\" \/>\n<meta property=\"og:url\" content=\"https:\/\/gksgornik.leczna.pl\/gks\/szkolka\/treningi\/\" \/>\n<meta property=\"og:site_name\" content=\"Szk\u00f3\u0142ka\" \/>\n<meta property=\"article:modified_time\" content=\"2020-01-13T07:26:39+00:00\" \/>\n<meta name=\"twitter:card\" content=\"summary_large_image\" \/>\n<script type=\"application\/ld+json\" class=\"yoast-schema-graph\">{\"@context\":\"https:\/\/schema.org\",\"@graph\":[{\"@type\":\"WebPage\",\"@id\":\"https:\/\/gksgornik.leczna.pl\/gks\/szkolka\/treningi\/\",\"url\":\"https:\/\/gksgornik.leczna.pl\/gks\/szkolka\/treningi\/\",\"name\":\"Treningi - Szk\u00f3\u0142ka\",\"isPartOf\":{\"@id\":\"https:\/\/gksgornik.leczna.pl\/gks\/szkolka\/#website\"},\"datePublished\":\"2019-05-09T13:53:10+00:00\",\"dateModified\":\"2020-01-13T07:26:39+00:00\",\"breadcrumb\":{\"@id\":\"https:\/\/gksgornik.leczna.pl\/gks\/szkolka\/treningi\/#breadcrumb\"},\"inLanguage\":\"pl-PL\",\"potentialAction\":[{\"@type\":\"ReadAction\",\"target\":[\"https:\/\/gksgornik.leczna.pl\/gks\/szkolka\/treningi\/\"]}]},{\"@type\":\"BreadcrumbList\",\"@id\":\"https:\/\/gksgornik.leczna.pl\/gks\/szkolka\/treningi\/#breadcrumb\",\"itemListElement\":[{\"@type\":\"ListItem\",\"position\":1,\"name\":\"Strona g\u0142\u00f3wna\",\"item\":\"https:\/\/gksgornik.leczna.pl\/gks\/szkolka\/\"},{\"@type\":\"ListItem\",\"position\":2,\"name\":\"Treningi\"}]},{\"@type\":\"WebSite\",\"@id\":\"https:\/\/gksgornik.leczna.pl\/gks\/szkolka\/#website\",\"url\":\"https:\/\/gksgornik.leczna.pl\/gks\/szkolka\/\",\"name\":\"GKS G\u00f3rnik \u0141\u0119czna sklepik\",\"description\":\"GKS G\u00f3rnik \u0141\u0119czna sklepik\",\"potentialAction\":[{\"@type\":\"SearchAction\",\"target\":{\"@type\":\"EntryPoint\",\"urlTemplate\":\"https:\/\/gksgornik.leczna.pl\/gks\/szkolka\/?s={search_term_string}\"},\"query-input\":{\"@type\":\"PropertyValueSpecification\",\"valueRequired\":true,\"valueName\":\"search_term_string\"}}],\"inLanguage\":\"pl-PL\"}]}<\/script>\n<!-- \/ Yoast SEO plugin. -->","yoast_head_json":{"title":"Treningi - Szk\u00f3\u0142ka","robots":{"index":"index","follow":"follow","max-snippet":"max-snippet:-1","max-image-preview":"max-image-preview:large","max-video-preview":"max-video-preview:-1"},"canonical":"https:\/\/gksgornik.leczna.pl\/gks\/szkolka\/treningi\/","og_locale":"pl_PL","og_type":"article","og_title":"Treningi - Szk\u00f3\u0142ka","og_url":"https:\/\/gksgornik.leczna.pl\/gks\/szkolka\/treningi\/","og_site_name":"Szk\u00f3\u0142ka","article_modified_time":"2020-01-13T07:26:39+00:00","twitter_card":"summary_large_image","schema":{"@context":"https:\/\/schema.org","@graph":[{"@type":"WebPage","@id":"https:\/\/gksgornik.leczna.pl\/gks\/szkolka\/treningi\/","url":"https:\/\/gksgornik.leczna.pl\/gks\/szkolka\/treningi\/","name":"Treningi - Szk\u00f3\u0142ka","isPartOf":{"@id":"https:\/\/gksgornik.leczna.pl\/gks\/szkolka\/#website"},"datePublished":"2019-05-09T13:53:10+00:00","dateModified":"2020-01-13T07:26:39+00:00","breadcrumb":{"@id":"https:\/\/gksgornik.leczna.pl\/gks\/szkolka\/treningi\/#breadcrumb"},"inLanguage":"pl-PL","potentialAction":[{"@type":"ReadAction","target":["https:\/\/gksgornik.leczna.pl\/gks\/szkolka\/treningi\/"]}]},{"@type":"BreadcrumbList","@id":"https:\/\/gksgornik.leczna.pl\/gks\/szkolka\/treningi\/#breadcrumb","itemListElement":[{"@type":"ListItem","position":1,"name":"Strona g\u0142\u00f3wna","item":"https:\/\/gksgornik.leczna.pl\/gks\/szkolka\/"},{"@type":"ListItem","position":2,"name":"Treningi"}]},{"@type":"WebSite","@id":"https:\/\/gksgornik.leczna.pl\/gks\/szkolka\/#website","url":"https:\/\/gksgornik.leczna.pl\/gks\/szkolka\/","name":"GKS G\u00f3rnik \u0141\u0119czna sklepik","description":"GKS G\u00f3rnik \u0141\u0119czna sklepik","potentialAction":[{"@type":"SearchAction","target":{"@type":"EntryPoint","urlTemplate":"https:\/\/gksgornik.leczna.pl\/gks\/szkolka\/?s={search_term_string}"},"query-input":{"@type":"PropertyValueSpecification","valueRequired":true,"valueName":"search_term_string"}}],"inLanguage":"pl-PL"}]}},"_links":{"self":[{"href":"https:\/\/gksgornik.leczna.pl\/gks\/szkolka\/wp-json\/wp\/v2\/pages\/291","targetHints":{"allow":["GET"]}}],"collection":[{"href":"https:\/\/gksgornik.leczna.pl\/gks\/szkolka\/wp-json\/wp\/v2\/pages"}],"about":[{"href":"https:\/\/gksgornik.leczna.pl\/gks\/szkolka\/wp-json\/wp\/v2\/types\/page"}],"author":[{"embeddable":true,"href":"https:\/\/gksgornik.leczna.pl\/gks\/szkolka\/wp-json\/wp\/v2\/users\/1"}],"replies":[{"embeddable":true,"href":"https:\/\/gksgornik.leczna.pl\/gks\/szkolka\/wp-json\/wp\/v2\/comments?post=291"}],"version-history":[{"count":11,"href":"https:\/\/gksgornik.leczna.pl\/gks\/szkolka\/wp-json\/wp\/v2\/pages\/291\/revisions"}],"predecessor-version":[{"id":466,"href":"https:\/\/gksgornik.leczna.pl\/gks\/szkolka\/wp-json\/wp\/v2\/pages\/291\/revisions\/466"}],"wp:attachment":[{"href":"https:\/\/gksgornik.leczna.pl\/gks\/szkolka\/wp-json\/wp\/v2\/media?parent=291"}],"curies":[{"name":"wp","href":"https:\/\/api.w.org\/{rel}","templated":true}]}}