{"id":3511,"date":"2019-02-15T11:51:23","date_gmt":"2019-02-15T10:51:23","guid":{"rendered":"http:\/\/gks.dev8.pro\/?page_id=9"},"modified":"2025-12-05T09:32:41","modified_gmt":"2025-12-05T08:32:41","slug":"strona-glowna","status":"publish","type":"page","link":"https:\/\/gksgornik.leczna.pl\/gks\/","title":{"rendered":"Strona G\u0142\u00f3wna"},"content":{"rendered":"","protected":false},"excerpt":{"rendered":"","protected":false},"author":1,"featured_media":0,"parent":0,"menu_order":23,"comment_status":"closed","ping_status":"closed","template":"templates\/rootpage.php","meta":{"_acf_changed":false},"class_list":["post-3511","page","type-page","status-publish","hentry"],"acf":[],"yoast_head":"<!-- This site is optimized with the Yoast SEO plugin v24.6 - https:\/\/yoast.com\/wordpress\/plugins\/seo\/ -->\n<title>GKS G\u00f3rnik \u0141\u0119czna<\/title>\n<meta name=\"description\" content=\"G\u00f3rniczy Klub Sportowy \u0141\u0119czna - Pi\u0142ka no\u017cna kobiet, MMA, tenis ziemny, sklepik klubowy. GKS G\u00f3rnik \u0141\u0119czna.\" \/>\n<meta name=\"robots\" content=\"index, follow, max-snippet:-1, max-image-preview:large, max-video-preview:-1\" \/>\n<link rel=\"canonical\" href=\"https:\/\/gksgornik.leczna.pl\/gks\/\" \/>\n<meta property=\"og:locale\" content=\"pl_PL\" \/>\n<meta property=\"og:type\" content=\"article\" \/>\n<meta property=\"og:title\" content=\"GKS G\u00f3rnik \u0141\u0119czna\" \/>\n<meta property=\"og:description\" content=\"G\u00f3rniczy Klub Sportowy \u0141\u0119czna - Pi\u0142ka no\u017cna kobiet, MMA, tenis ziemny, sklepik klubowy. GKS G\u00f3rnik \u0141\u0119czna.\" \/>\n<meta property=\"og:url\" content=\"https:\/\/gksgornik.leczna.pl\/gks\/\" \/>\n<meta property=\"og:site_name\" content=\"GKS G\u00f3rnik \u0141\u0119czna\" \/>\n<meta property=\"article:publisher\" content=\"https:\/\/www.facebook.com\/GKSGornikLecznaKobiet\" \/>\n<meta property=\"article:modified_time\" content=\"2025-12-05T08:32:41+00:00\" \/>\n<meta property=\"og:image\" content=\"https:\/\/gksgornik.leczna.pl\/gks\/wp-content\/uploads\/2025\/01\/gks-logo-667x800-1.png\" \/>\n\t<meta property=\"og:image:width\" content=\"667\" \/>\n\t<meta property=\"og:image:height\" content=\"800\" \/>\n\t<meta property=\"og:image:type\" content=\"image\/png\" \/>\n<meta name=\"twitter:card\" content=\"summary_large_image\" \/>\n<script type=\"application\/ld+json\" class=\"yoast-schema-graph\">{\"@context\":\"https:\/\/schema.org\",\"@graph\":[{\"@type\":\"WebPage\",\"@id\":\"https:\/\/gksgornik.leczna.pl\/gks\/\",\"url\":\"https:\/\/gksgornik.leczna.pl\/gks\/\",\"name\":\"GKS G\u00f3rnik \u0141\u0119czna\",\"isPartOf\":{\"@id\":\"https:\/\/gksgornik.leczna.pl\/gks\/#website\"},\"datePublished\":\"2019-02-15T10:51:23+00:00\",\"dateModified\":\"2025-12-05T08:32:41+00:00\",\"description\":\"G\u00f3rniczy Klub Sportowy \u0141\u0119czna - Pi\u0142ka no\u017cna kobiet, MMA, tenis ziemny, sklepik klubowy. GKS G\u00f3rnik \u0141\u0119czna.\",\"breadcrumb\":{\"@id\":\"https:\/\/gksgornik.leczna.pl\/gks\/#breadcrumb\"},\"inLanguage\":\"pl-PL\",\"potentialAction\":[{\"@type\":\"ReadAction\",\"target\":[\"https:\/\/gksgornik.leczna.pl\/gks\/\"]}]},{\"@type\":\"BreadcrumbList\",\"@id\":\"https:\/\/gksgornik.leczna.pl\/gks\/#breadcrumb\",\"itemListElement\":[{\"@type\":\"ListItem\",\"position\":1,\"name\":\"Strona g\u0142\u00f3wna\",\"item\":\"https:\/\/gksgornik.leczna.pl\/gks\/\"},{\"@type\":\"ListItem\",\"position\":2,\"name\":\"Strona G\u0142\u00f3wna\"}]},{\"@type\":\"WebSite\",\"@id\":\"https:\/\/gksgornik.leczna.pl\/gks\/#website\",\"url\":\"https:\/\/gksgornik.leczna.pl\/gks\/\",\"name\":\"GKS G\u00f3rnik \u0141\u0119czna\",\"description\":\"G\u00f3rniczy Klub Sportowy\",\"publisher\":{\"@id\":\"https:\/\/gksgornik.leczna.pl\/gks\/#organization\"},\"alternateName\":\"G\u00f3rniczy klub sportowy\",\"potentialAction\":[{\"@type\":\"SearchAction\",\"target\":{\"@type\":\"EntryPoint\",\"urlTemplate\":\"https:\/\/gksgornik.leczna.pl\/gks\/?s={search_term_string}\"},\"query-input\":{\"@type\":\"PropertyValueSpecification\",\"valueRequired\":true,\"valueName\":\"search_term_string\"}}],\"inLanguage\":\"pl-PL\"},{\"@type\":\"Organization\",\"@id\":\"https:\/\/gksgornik.leczna.pl\/gks\/#organization\",\"name\":\"GKS G\u00f3rnik \u0141\u0119czna\",\"alternateName\":\"G\u00f3rniczy Klub Sportowy\",\"url\":\"https:\/\/gksgornik.leczna.pl\/gks\/\",\"logo\":{\"@type\":\"ImageObject\",\"inLanguage\":\"pl-PL\",\"@id\":\"https:\/\/gksgornik.leczna.pl\/gks\/#\/schema\/logo\/image\/\",\"url\":\"https:\/\/gksgornik.leczna.pl\/gks\/wp-content\/uploads\/2025\/01\/gks-logo-667x800-1.png\",\"contentUrl\":\"https:\/\/gksgornik.leczna.pl\/gks\/wp-content\/uploads\/2025\/01\/gks-logo-667x800-1.png\",\"width\":667,\"height\":800,\"caption\":\"GKS G\u00f3rnik \u0141\u0119czna\"},\"image\":{\"@id\":\"https:\/\/gksgornik.leczna.pl\/gks\/#\/schema\/logo\/image\/\"},\"sameAs\":[\"https:\/\/www.facebook.com\/GKSGornikLecznaKobiet\"]}]}<\/script>\n<!-- \/ Yoast SEO plugin. -->","yoast_head_json":{"title":"GKS G\u00f3rnik \u0141\u0119czna","description":"G\u00f3rniczy Klub Sportowy \u0141\u0119czna - Pi\u0142ka no\u017cna kobiet, MMA, tenis ziemny, sklepik klubowy. GKS G\u00f3rnik \u0141\u0119czna.","robots":{"index":"index","follow":"follow","max-snippet":"max-snippet:-1","max-image-preview":"max-image-preview:large","max-video-preview":"max-video-preview:-1"},"canonical":"https:\/\/gksgornik.leczna.pl\/gks\/","og_locale":"pl_PL","og_type":"article","og_title":"GKS G\u00f3rnik \u0141\u0119czna","og_description":"G\u00f3rniczy Klub Sportowy \u0141\u0119czna - Pi\u0142ka no\u017cna kobiet, MMA, tenis ziemny, sklepik klubowy. GKS G\u00f3rnik \u0141\u0119czna.","og_url":"https:\/\/gksgornik.leczna.pl\/gks\/","og_site_name":"GKS G\u00f3rnik \u0141\u0119czna","article_publisher":"https:\/\/www.facebook.com\/GKSGornikLecznaKobiet","article_modified_time":"2025-12-05T08:32:41+00:00","og_image":[{"width":667,"height":800,"url":"https:\/\/gksgornik.leczna.pl\/gks\/wp-content\/uploads\/2025\/01\/gks-logo-667x800-1.png","type":"image\/png"}],"twitter_card":"summary_large_image","schema":{"@context":"https:\/\/schema.org","@graph":[{"@type":"WebPage","@id":"https:\/\/gksgornik.leczna.pl\/gks\/","url":"https:\/\/gksgornik.leczna.pl\/gks\/","name":"GKS G\u00f3rnik \u0141\u0119czna","isPartOf":{"@id":"https:\/\/gksgornik.leczna.pl\/gks\/#website"},"datePublished":"2019-02-15T10:51:23+00:00","dateModified":"2025-12-05T08:32:41+00:00","description":"G\u00f3rniczy Klub Sportowy \u0141\u0119czna - Pi\u0142ka no\u017cna kobiet, MMA, tenis ziemny, sklepik klubowy. GKS G\u00f3rnik \u0141\u0119czna.","breadcrumb":{"@id":"https:\/\/gksgornik.leczna.pl\/gks\/#breadcrumb"},"inLanguage":"pl-PL","potentialAction":[{"@type":"ReadAction","target":["https:\/\/gksgornik.leczna.pl\/gks\/"]}]},{"@type":"BreadcrumbList","@id":"https:\/\/gksgornik.leczna.pl\/gks\/#breadcrumb","itemListElement":[{"@type":"ListItem","position":1,"name":"Strona g\u0142\u00f3wna","item":"https:\/\/gksgornik.leczna.pl\/gks\/"},{"@type":"ListItem","position":2,"name":"Strona G\u0142\u00f3wna"}]},{"@type":"WebSite","@id":"https:\/\/gksgornik.leczna.pl\/gks\/#website","url":"https:\/\/gksgornik.leczna.pl\/gks\/","name":"GKS G\u00f3rnik \u0141\u0119czna","description":"G\u00f3rniczy Klub Sportowy","publisher":{"@id":"https:\/\/gksgornik.leczna.pl\/gks\/#organization"},"alternateName":"G\u00f3rniczy klub sportowy","potentialAction":[{"@type":"SearchAction","target":{"@type":"EntryPoint","urlTemplate":"https:\/\/gksgornik.leczna.pl\/gks\/?s={search_term_string}"},"query-input":{"@type":"PropertyValueSpecification","valueRequired":true,"valueName":"search_term_string"}}],"inLanguage":"pl-PL"},{"@type":"Organization","@id":"https:\/\/gksgornik.leczna.pl\/gks\/#organization","name":"GKS G\u00f3rnik \u0141\u0119czna","alternateName":"G\u00f3rniczy Klub Sportowy","url":"https:\/\/gksgornik.leczna.pl\/gks\/","logo":{"@type":"ImageObject","inLanguage":"pl-PL","@id":"https:\/\/gksgornik.leczna.pl\/gks\/#\/schema\/logo\/image\/","url":"https:\/\/gksgornik.leczna.pl\/gks\/wp-content\/uploads\/2025\/01\/gks-logo-667x800-1.png","contentUrl":"https:\/\/gksgornik.leczna.pl\/gks\/wp-content\/uploads\/2025\/01\/gks-logo-667x800-1.png","width":667,"height":800,"caption":"GKS G\u00f3rnik \u0141\u0119czna"},"image":{"@id":"https:\/\/gksgornik.leczna.pl\/gks\/#\/schema\/logo\/image\/"},"sameAs":["https:\/\/www.facebook.com\/GKSGornikLecznaKobiet"]}]}},"_links":{"self":[{"href":"https:\/\/gksgornik.leczna.pl\/gks\/wp-json\/wp\/v2\/pages\/3511","targetHints":{"allow":["GET"]}}],"collection":[{"href":"https:\/\/gksgornik.leczna.pl\/gks\/wp-json\/wp\/v2\/pages"}],"about":[{"href":"https:\/\/gksgornik.leczna.pl\/gks\/wp-json\/wp\/v2\/types\/page"}],"author":[{"embeddable":true,"href":"https:\/\/gksgornik.leczna.pl\/gks\/wp-json\/wp\/v2\/users\/1"}],"replies":[{"embeddable":true,"href":"https:\/\/gksgornik.leczna.pl\/gks\/wp-json\/wp\/v2\/comments?post=3511"}],"version-history":[{"count":12,"href":"https:\/\/gksgornik.leczna.pl\/gks\/wp-json\/wp\/v2\/pages\/3511\/revisions"}],"predecessor-version":[{"id":14428,"href":"https:\/\/gksgornik.leczna.pl\/gks\/wp-json\/wp\/v2\/pages\/3511\/revisions\/14428"}],"wp:attachment":[{"href":"https:\/\/gksgornik.leczna.pl\/gks\/wp-json\/wp\/v2\/media?parent=3511"}],"curies":[{"name":"wp","href":"https:\/\/api.w.org\/{rel}","templated":true}]}}